{"id":1728,"date":"2020-02-17T11:16:09","date_gmt":"2020-02-17T09:16:09","guid":{"rendered":"https:\/\/pristis.ee\/automation-systems\/security-and-low-current-solutions\/"},"modified":"2020-02-17T11:16:09","modified_gmt":"2020-02-17T09:16:09","slug":"security-and-low-current-solutions","status":"publish","type":"page","link":"https:\/\/pristis.ee\/en\/automation-systems\/security-and-low-current-solutions\/","title":{"rendered":"Security and low-current solutions"},"content":{"rendered":"<div id=\"acf-block-block_5db82b40b0993\" class=\"acf-block-element block-logos\"><div class=\"acf-block-title text-center block-title-arrow\"><h2><span>They use this service<svg xmlns=\"http:\/\/www.w3.org\/2000\/svg\" width=\"41.973\" height=\"41.973\" viewBox=\"0 0 41.973 41.973\"><path d=\"M25.916,0A3.764,3.764,0,0,1,29.68,3.763V25.916a3.764,3.764,0,0,1-3.764,3.763H3.764A3.763,3.763,0,0,1,0,25.916L25.916,0\" transform=\"translate(20.986) rotate(45)\" fill=\"#e8dd00\"\/><\/svg><\/span><\/h2><\/div><div class=\"acf-block-content\"><div class=\"row row-grid align-items-center justify-content-center\"><div class=\"col-2 col-sm-4 col-md-3 col-lg-2 text-center\"><img decoding=\"async\" width=\"132\" height=\"31\" src=\"https:\/\/pristis.ee\/wp-content\/uploads\/2019\/11\/nordecon.png\" class=\"attachment-img-132-soft size-img-132-soft\" alt=\"\" srcset=\"https:\/\/pristis.ee\/wp-content\/uploads\/2019\/11\/nordecon.png 452w, https:\/\/pristis.ee\/wp-content\/uploads\/2019\/11\/nordecon-240x56.png 240w, https:\/\/pristis.ee\/wp-content\/uploads\/2019\/11\/nordecon-153x36.png 153w, https:\/\/pristis.ee\/wp-content\/uploads\/2019\/11\/nordecon-86x20.png 86w, https:\/\/pristis.ee\/wp-content\/uploads\/2019\/11\/nordecon-68x16.png 68w, https:\/\/pristis.ee\/wp-content\/uploads\/2019\/11\/nordecon-62x15.png 62w\" sizes=\"(max-width: 132px) 100vw, 132px\" \/><\/div><div class=\"col-2 col-sm-4 col-md-3 col-lg-2 text-center\"><img decoding=\"async\" width=\"132\" height=\"132\" src=\"https:\/\/pristis.ee\/wp-content\/uploads\/2019\/11\/merko-logo.png\" class=\"attachment-img-132-soft size-img-132-soft\" alt=\"\" srcset=\"https:\/\/pristis.ee\/wp-content\/uploads\/2019\/11\/merko-logo.png 300w, https:\/\/pristis.ee\/wp-content\/uploads\/2019\/11\/merko-logo-262x262.png 262w, https:\/\/pristis.ee\/wp-content\/uploads\/2019\/11\/merko-logo-132x132.png 132w, https:\/\/pristis.ee\/wp-content\/uploads\/2019\/11\/merko-logo-85x85.png 85w, https:\/\/pristis.ee\/wp-content\/uploads\/2019\/11\/merko-logo-110x110.png 110w, https:\/\/pristis.ee\/wp-content\/uploads\/2019\/11\/merko-logo-90x90.png 90w, https:\/\/pristis.ee\/wp-content\/uploads\/2019\/11\/merko-logo-34x34.png 34w, https:\/\/pristis.ee\/wp-content\/uploads\/2019\/11\/merko-logo-68x68.png 68w, https:\/\/pristis.ee\/wp-content\/uploads\/2019\/11\/merko-logo-62x62.png 62w\" sizes=\"(max-width: 132px) 100vw, 132px\" \/><\/div><div class=\"col-2 col-sm-4 col-md-3 col-lg-2 text-center\"><img decoding=\"async\" width=\"132\" height=\"34\" src=\"https:\/\/pristis.ee\/wp-content\/uploads\/2019\/11\/mapri.png\" class=\"attachment-img-132-soft size-img-132-soft\" alt=\"\" srcset=\"https:\/\/pristis.ee\/wp-content\/uploads\/2019\/11\/mapri.png 444w, https:\/\/pristis.ee\/wp-content\/uploads\/2019\/11\/mapri-240x61.png 240w, https:\/\/pristis.ee\/wp-content\/uploads\/2019\/11\/mapri-153x39.png 153w, https:\/\/pristis.ee\/wp-content\/uploads\/2019\/11\/mapri-86x22.png 86w, https:\/\/pristis.ee\/wp-content\/uploads\/2019\/11\/mapri-68x17.png 68w, https:\/\/pristis.ee\/wp-content\/uploads\/2019\/11\/mapri-62x16.png 62w\" sizes=\"(max-width: 132px) 100vw, 132px\" \/><\/div><div class=\"col-2 col-sm-4 col-md-3 col-lg-2 text-center\"><img decoding=\"async\" width=\"132\" height=\"53\" src=\"https:\/\/pristis.ee\/wp-content\/uploads\/2019\/11\/krc.png\" class=\"attachment-img-132-soft size-img-132-soft\" alt=\"\" srcset=\"https:\/\/pristis.ee\/wp-content\/uploads\/2019\/11\/krc.png 204w, https:\/\/pristis.ee\/wp-content\/uploads\/2019\/11\/krc-153x62.png 153w, https:\/\/pristis.ee\/wp-content\/uploads\/2019\/11\/krc-86x34.png 86w, https:\/\/pristis.ee\/wp-content\/uploads\/2019\/11\/krc-68x27.png 68w, https:\/\/pristis.ee\/wp-content\/uploads\/2019\/11\/krc-62x25.png 62w\" sizes=\"(max-width: 132px) 100vw, 132px\" \/><\/div><div class=\"col-2 col-sm-4 col-md-3 col-lg-2 text-center\"><img decoding=\"async\" width=\"132\" height=\"69\" src=\"https:\/\/pristis.ee\/wp-content\/uploads\/2019\/11\/ehitustrust.png\" class=\"attachment-img-132-soft size-img-132-soft\" alt=\"\" srcset=\"https:\/\/pristis.ee\/wp-content\/uploads\/2019\/11\/ehitustrust.png 301w, https:\/\/pristis.ee\/wp-content\/uploads\/2019\/11\/ehitustrust-240x126.png 240w, https:\/\/pristis.ee\/wp-content\/uploads\/2019\/11\/ehitustrust-153x80.png 153w, https:\/\/pristis.ee\/wp-content\/uploads\/2019\/11\/ehitustrust-65x34.png 65w, https:\/\/pristis.ee\/wp-content\/uploads\/2019\/11\/ehitustrust-68x36.png 68w, https:\/\/pristis.ee\/wp-content\/uploads\/2019\/11\/ehitustrust-62x33.png 62w\" sizes=\"(max-width: 132px) 100vw, 132px\" \/><\/div><div class=\"col-2 col-sm-4 col-md-3 col-lg-2 text-center\"><img decoding=\"async\" width=\"132\" height=\"72\" src=\"https:\/\/pristis.ee\/wp-content\/uploads\/2019\/11\/fundehitus.png\" class=\"attachment-img-132-soft size-img-132-soft\" alt=\"\" srcset=\"https:\/\/pristis.ee\/wp-content\/uploads\/2019\/11\/fundehitus.png 303w, https:\/\/pristis.ee\/wp-content\/uploads\/2019\/11\/fundehitus-240x132.png 240w, https:\/\/pristis.ee\/wp-content\/uploads\/2019\/11\/fundehitus-153x85.png 153w, https:\/\/pristis.ee\/wp-content\/uploads\/2019\/11\/fundehitus-62x34.png 62w, https:\/\/pristis.ee\/wp-content\/uploads\/2019\/11\/fundehitus-68x37.png 68w\" sizes=\"(max-width: 132px) 100vw, 132px\" \/><\/div><\/div><\/div><\/div><div id=\"acf-block-block_5db82f84d8e11\" class=\"acf-block-element block-clients\"><div class=\"acf-block-title text-center block-title-arrow\"><h2><span>Klientide tagasiside<svg xmlns=\"http:\/\/www.w3.org\/2000\/svg\" width=\"41.973\" height=\"41.973\" viewBox=\"0 0 41.973 41.973\"><path d=\"M25.916,0A3.764,3.764,0,0,1,29.68,3.763V25.916a3.764,3.764,0,0,1-3.764,3.763H3.764A3.763,3.763,0,0,1,0,25.916L25.916,0\" transform=\"translate(20.986) rotate(45)\" fill=\"#e8dd00\"\/><\/svg><\/span><\/h2><\/div><div class=\"acf-block-content\"><div class=\"row row-grid justify-content-center\"><div class=\"col-12 col-md-6\"><div class=\"client-feedback-item d-flex flex-wrap\"><div class=\"client-img align-self-start\"><div class=\"client-logo d-flex flex-wrap align-items-center justify-content-center\"><img decoding=\"async\" width=\"55\" height=\"34\" src=\"https:\/\/pristis.ee\/wp-content\/uploads\/2019\/10\/hammerjack_logo2-1-55x34.jpg\" class=\"attachment-img-86x34-soft size-img-86x34-soft\" alt=\"\" srcset=\"https:\/\/pristis.ee\/wp-content\/uploads\/2019\/10\/hammerjack_logo2-1-55x34.jpg 55w, https:\/\/pristis.ee\/wp-content\/uploads\/2019\/10\/hammerjack_logo2-1-518x328.jpg 518w, https:\/\/pristis.ee\/wp-content\/uploads\/2019\/10\/hammerjack_logo2-1-395x244.jpg 395w, https:\/\/pristis.ee\/wp-content\/uploads\/2019\/10\/hammerjack_logo2-1-214x132.jpg 214w, https:\/\/pristis.ee\/wp-content\/uploads\/2019\/10\/hammerjack_logo2-1-138x85.jpg 138w, https:\/\/pristis.ee\/wp-content\/uploads\/2019\/10\/hammerjack_logo2-1-132x82.jpg 132w, https:\/\/pristis.ee\/wp-content\/uploads\/2019\/10\/hammerjack_logo2-1-68x42.jpg 68w, https:\/\/pristis.ee\/wp-content\/uploads\/2019\/10\/hammerjack_logo2-1-62x38.jpg 62w, https:\/\/pristis.ee\/wp-content\/uploads\/2019\/10\/hammerjack_logo2-1.jpg 531w\" sizes=\"(max-width: 55px) 100vw, 55px\" \/><\/div><\/div><div class=\"client-feedback\"><p><strong>Oleme Pristisega teinud koost\u00f6\u00f6d 13 aastat ja v\u00f5ime kinnitada, et Pristis on suurep\u00e4rane ja turvaline partner!<\/strong><\/p><h6>Raido Ingerainen<small>Hammerjack O\u00dc<\/small><\/h6><\/div><\/div><\/div><div class=\"col-12 col-md-6\"><div class=\"client-feedback-item d-flex flex-wrap\"><div class=\"client-img align-self-start\"><div class=\"client-logo d-flex flex-wrap align-items-center justify-content-center\"><img decoding=\"async\" width=\"55\" height=\"34\" src=\"https:\/\/pristis.ee\/wp-content\/uploads\/2019\/11\/tallinnhotels2-55x34.jpg\" class=\"attachment-img-86x34-soft size-img-86x34-soft\" alt=\"\" srcset=\"https:\/\/pristis.ee\/wp-content\/uploads\/2019\/11\/tallinnhotels2-55x34.jpg 55w, https:\/\/pristis.ee\/wp-content\/uploads\/2019\/11\/tallinnhotels2-518x328.jpg 518w, https:\/\/pristis.ee\/wp-content\/uploads\/2019\/11\/tallinnhotels2-395x244.jpg 395w, https:\/\/pristis.ee\/wp-content\/uploads\/2019\/11\/tallinnhotels2-214x132.jpg 214w, https:\/\/pristis.ee\/wp-content\/uploads\/2019\/11\/tallinnhotels2-138x85.jpg 138w, https:\/\/pristis.ee\/wp-content\/uploads\/2019\/11\/tallinnhotels2-132x82.jpg 132w, https:\/\/pristis.ee\/wp-content\/uploads\/2019\/11\/tallinnhotels2-68x42.jpg 68w, https:\/\/pristis.ee\/wp-content\/uploads\/2019\/11\/tallinnhotels2-62x38.jpg 62w, https:\/\/pristis.ee\/wp-content\/uploads\/2019\/11\/tallinnhotels2.jpg 531w\" sizes=\"(max-width: 55px) 100vw, 55px\" \/><\/div><\/div><div class=\"client-feedback\"><p><strong>Pristis on andnud oma suure panuse, et k\u00fclaliste rahuolu p\u00fcsiks v\u00e4ga k\u00f5rge!   <\/strong><\/p><h6>Ain K\u00e4pp<small>Tegevjuht \/ TallinnHotels<\/small><\/h6><\/div><\/div><\/div><\/div><\/div><\/div>\n<blockquote style=\"text-align:center\" class=\"wp-block-quote is-layout-flow wp-block-quote-is-layout-flow\"><p>If you are interested in building a low current system, please contact our representative. Our technical and business experienced consultants can advise and talk about solutions in more detail.<\/p><\/blockquote>\n<div id=\"acf-block-block_5db815b60febb\" class=\"acf-block-element block-contact-form\"><div class=\"acf-block-content\"><div class=\"d-flex flex-wrap justify-content-center\"><div class=\"d-flex-people\"><div clasS=\"d-flex-people-inner\"><h4>Kontaktisikud<\/h4><div class=\"d-flex-person\"><div class=\"team-member\"><img decoding=\"async\" width=\"262\" height=\"130\" src=\"https:\/\/pristis.ee\/wp-content\/uploads\/2019\/10\/20210915-IMG_9557-2-262x130.jpg\" class=\"attachment-img-262x130 size-img-262x130\" alt=\"\" \/><h6>Janek Mesipuu<small>M\u00fc\u00fcgijuht &#8211; automaatika, n\u00f5rkvool<br>Tartu<\/small><\/h6><div class=\"team-member-contacts\"><p><a href=\"mailto:janek.mesipuu@pristis.ee\">janek.mesipuu@pristis.ee<\/a><\/p><p><a href=\"tel:+372 56906466\">+372 56906466<\/a><\/p><\/div><\/div><\/div><div class=\"d-flex-person\"><div class=\"team-member\"><img decoding=\"async\" width=\"262\" height=\"130\" src=\"https:\/\/pristis.ee\/wp-content\/uploads\/2019\/10\/IMG_5384-262x130.jpg\" class=\"attachment-img-262x130 size-img-262x130\" alt=\"\" \/><h6>Mart Parbo<small>M\u00fc\u00fcgijuht &#8211; automaatika, n\u00f5rkvool<br>Tallinn<\/small><\/h6><div class=\"team-member-contacts\"><p><a href=\"mailto:mart.parbo@pristis.ee\">mart.parbo@pristis.ee<\/a><\/p><p><a href=\"tel:+372 53006596\">+372 53006596<\/a><\/p><\/div><\/div><\/div><\/div><\/div><div class=\"d-flex-contact\"><div class=\"d-flex-contact-inner\"><div class=\"contact-form-title text-center\"><h3><small class=\"text-uppercase\">Price inquiry<\/small>Ask for an offer<svg xmlns=\"http:\/\/www.w3.org\/2000\/svg\" width=\"41.973\" height=\"41.973\" viewBox=\"0 0 41.973 41.973\"><path d=\"M25.916,0A3.764,3.764,0,0,1,29.68,3.763V25.916a3.764,3.764,0,0,1-3.764,3.763H3.764A3.763,3.763,0,0,1,0,25.916L25.916,0\" transform=\"translate(20.986) rotate(45)\" fill=\"#e8dd00\"\/><\/svg><\/span><\/h3><\/div><div class=\"contact-form-body\">\n<div class=\"wpcf7 no-js\" id=\"wpcf7-f390-o1\" lang=\"et\" dir=\"ltr\" data-wpcf7-id=\"390\">\n<div class=\"screen-reader-response\"><p role=\"status\" aria-live=\"polite\" aria-atomic=\"true\"><\/p> <ul><\/ul><\/div>\n<form action=\"\/en\/wp-json\/wp\/v2\/pages\/1728#wpcf7-f390-o1\" method=\"post\" class=\"wpcf7-form init\" aria-label=\"Contact form\" novalidate=\"novalidate\" data-status=\"init\">\n<fieldset class=\"hidden-fields-container\"><input type=\"hidden\" name=\"_wpcf7\" value=\"390\" \/><input type=\"hidden\" name=\"_wpcf7_version\" value=\"6.1.5\" \/><input type=\"hidden\" name=\"_wpcf7_locale\" value=\"et\" \/><input type=\"hidden\" name=\"_wpcf7_unit_tag\" value=\"wpcf7-f390-o1\" \/><input type=\"hidden\" name=\"_wpcf7_container_post\" value=\"0\" \/><input type=\"hidden\" name=\"_wpcf7_posted_data_hash\" value=\"\" \/><input type=\"hidden\" name=\"_wpcf7_recaptcha_response\" value=\"\" \/>\n<\/fieldset>\n<div class=\"row\">\n\t<div class=\"col-12 col-sm-6\">\n\t\t<p><label>Nimi *<\/label><br \/>\n<span class=\"wpcf7-form-control-wrap\" data-name=\"your-name\"><input size=\"40\" maxlength=\"400\" class=\"wpcf7-form-control wpcf7-text wpcf7-validates-as-required\" aria-required=\"true\" aria-invalid=\"false\" value=\"\" type=\"text\" name=\"your-name\" \/><\/span>\n\t\t<\/p>\n\t<\/div>\n\t<div class=\"col-12 col-sm-6\">\n\t\t<p><label>Email *<\/label><br \/>\n<span class=\"wpcf7-form-control-wrap\" data-name=\"your-email\"><input size=\"40\" maxlength=\"400\" class=\"wpcf7-form-control wpcf7-email wpcf7-validates-as-required wpcf7-text wpcf7-validates-as-email\" aria-required=\"true\" aria-invalid=\"false\" value=\"\" type=\"email\" name=\"your-email\" \/><\/span>\n\t\t<\/p>\n\t<\/div>\n\t<div class=\"col-12\">\n\t\t<p><label>Aadress<\/label><br \/>\n<span class=\"wpcf7-form-control-wrap\" data-name=\"your-address\"><input size=\"40\" maxlength=\"400\" class=\"wpcf7-form-control wpcf7-text\" aria-invalid=\"false\" value=\"\" type=\"text\" name=\"your-address\" \/><\/span>\n\t\t<\/p>\n\t<\/div>\n\t<div class=\"col-12\">\n\t\t<p><label>Teade vabas vormis<\/label><br \/>\n<span class=\"wpcf7-form-control-wrap\" data-name=\"your-message\"><textarea cols=\"40\" rows=\"10\" maxlength=\"2000\" class=\"wpcf7-form-control wpcf7-textarea\" aria-invalid=\"false\" name=\"your-message\"><\/textarea><\/span>\n\t\t<\/p>\n\t<\/div>\n\t<div class=\"col-12 text-center\">\n\t\t<p><input class=\"wpcf7-form-control wpcf7-submit has-spinner\" type=\"submit\" value=\"Saada teade\" \/>\n\t\t<\/p>\n\t<\/div>\n<\/div><div class=\"wpcf7-response-output\" aria-hidden=\"true\"><\/div>\n<\/form>\n<\/div>\n<\/div><\/div><\/div><\/div><\/div><\/div>","protected":false},"excerpt":{"rendered":"<p>If you are interested in building a low current system, please contact our representative. Our technical and business experienced consultants&#8230;<\/p>\n","protected":false},"author":1,"featured_media":0,"parent":1723,"menu_order":10,"comment_status":"closed","ping_status":"closed","template":"","meta":{"_acf_changed":false,"footnotes":""},"class_list":["post-1728","page","type-page","status-publish","hentry"],"acf":[],"yoast_head":"<!-- This site is optimized with the Yoast SEO plugin v27.2 - https:\/\/yoast.com\/product\/yoast-seo-wordpress\/ -->\n<title>Security and low-current solutions - Pristis<\/title>\n<meta name=\"robots\" content=\"index, follow, max-snippet:-1, max-image-preview:large, max-video-preview:-1\" \/>\n<link rel=\"canonical\" href=\"https:\/\/pristis.ee\/en\/automation-systems\/security-and-low-current-solutions\/\" \/>\n<meta property=\"og:locale\" content=\"en_US\" \/>\n<meta property=\"og:type\" content=\"article\" \/>\n<meta property=\"og:title\" content=\"Security and low-current solutions - Pristis\" \/>\n<meta property=\"og:description\" content=\"If you are interested in building a low current system, please contact our representative. Our technical and business experienced consultants...\" \/>\n<meta property=\"og:url\" content=\"https:\/\/pristis.ee\/en\/automation-systems\/security-and-low-current-solutions\/\" \/>\n<meta property=\"og:site_name\" content=\"Pristis\" \/>\n<meta name=\"twitter:card\" content=\"summary_large_image\" \/>\n<script type=\"application\/ld+json\" class=\"yoast-schema-graph\">{\"@context\":\"https:\/\/schema.org\",\"@graph\":[{\"@type\":\"WebPage\",\"@id\":\"https:\/\/pristis.ee\/en\/automation-systems\/security-and-low-current-solutions\/\",\"url\":\"https:\/\/pristis.ee\/en\/automation-systems\/security-and-low-current-solutions\/\",\"name\":\"Security and low-current solutions - Pristis\",\"isPartOf\":{\"@id\":\"https:\/\/pristis.ee\/en\/#website\"},\"datePublished\":\"2020-02-17T09:16:09+00:00\",\"breadcrumb\":{\"@id\":\"https:\/\/pristis.ee\/en\/automation-systems\/security-and-low-current-solutions\/#breadcrumb\"},\"inLanguage\":\"en-US\",\"potentialAction\":[{\"@type\":\"ReadAction\",\"target\":[\"https:\/\/pristis.ee\/en\/automation-systems\/security-and-low-current-solutions\/\"]}]},{\"@type\":\"BreadcrumbList\",\"@id\":\"https:\/\/pristis.ee\/en\/automation-systems\/security-and-low-current-solutions\/#breadcrumb\",\"itemListElement\":[{\"@type\":\"ListItem\",\"position\":1,\"name\":\"Pristis\",\"item\":\"https:\/\/pristis.ee\/en\/\"},{\"@type\":\"ListItem\",\"position\":2,\"name\":\"Automation systems\",\"item\":\"https:\/\/pristis.ee\/en\/automation-systems\/\"},{\"@type\":\"ListItem\",\"position\":3,\"name\":\"Security and low-current solutions\"}]},{\"@type\":\"WebSite\",\"@id\":\"https:\/\/pristis.ee\/en\/#website\",\"url\":\"https:\/\/pristis.ee\/en\/\",\"name\":\"Pristis\",\"description\":\"\",\"potentialAction\":[{\"@type\":\"SearchAction\",\"target\":{\"@type\":\"EntryPoint\",\"urlTemplate\":\"https:\/\/pristis.ee\/en\/?s={search_term_string}\"},\"query-input\":{\"@type\":\"PropertyValueSpecification\",\"valueRequired\":true,\"valueName\":\"search_term_string\"}}],\"inLanguage\":\"en-US\"}]}<\/script>\n<!-- \/ Yoast SEO plugin. -->","yoast_head_json":{"title":"Security and low-current solutions - Pristis","robots":{"index":"index","follow":"follow","max-snippet":"max-snippet:-1","max-image-preview":"max-image-preview:large","max-video-preview":"max-video-preview:-1"},"canonical":"https:\/\/pristis.ee\/en\/automation-systems\/security-and-low-current-solutions\/","og_locale":"en_US","og_type":"article","og_title":"Security and low-current solutions - Pristis","og_description":"If you are interested in building a low current system, please contact our representative. Our technical and business experienced consultants...","og_url":"https:\/\/pristis.ee\/en\/automation-systems\/security-and-low-current-solutions\/","og_site_name":"Pristis","twitter_card":"summary_large_image","schema":{"@context":"https:\/\/schema.org","@graph":[{"@type":"WebPage","@id":"https:\/\/pristis.ee\/en\/automation-systems\/security-and-low-current-solutions\/","url":"https:\/\/pristis.ee\/en\/automation-systems\/security-and-low-current-solutions\/","name":"Security and low-current solutions - Pristis","isPartOf":{"@id":"https:\/\/pristis.ee\/en\/#website"},"datePublished":"2020-02-17T09:16:09+00:00","breadcrumb":{"@id":"https:\/\/pristis.ee\/en\/automation-systems\/security-and-low-current-solutions\/#breadcrumb"},"inLanguage":"en-US","potentialAction":[{"@type":"ReadAction","target":["https:\/\/pristis.ee\/en\/automation-systems\/security-and-low-current-solutions\/"]}]},{"@type":"BreadcrumbList","@id":"https:\/\/pristis.ee\/en\/automation-systems\/security-and-low-current-solutions\/#breadcrumb","itemListElement":[{"@type":"ListItem","position":1,"name":"Pristis","item":"https:\/\/pristis.ee\/en\/"},{"@type":"ListItem","position":2,"name":"Automation systems","item":"https:\/\/pristis.ee\/en\/automation-systems\/"},{"@type":"ListItem","position":3,"name":"Security and low-current solutions"}]},{"@type":"WebSite","@id":"https:\/\/pristis.ee\/en\/#website","url":"https:\/\/pristis.ee\/en\/","name":"Pristis","description":"","potentialAction":[{"@type":"SearchAction","target":{"@type":"EntryPoint","urlTemplate":"https:\/\/pristis.ee\/en\/?s={search_term_string}"},"query-input":{"@type":"PropertyValueSpecification","valueRequired":true,"valueName":"search_term_string"}}],"inLanguage":"en-US"}]}},"_links":{"self":[{"href":"https:\/\/pristis.ee\/en\/wp-json\/wp\/v2\/pages\/1728","targetHints":{"allow":["GET"]}}],"collection":[{"href":"https:\/\/pristis.ee\/en\/wp-json\/wp\/v2\/pages"}],"about":[{"href":"https:\/\/pristis.ee\/en\/wp-json\/wp\/v2\/types\/page"}],"author":[{"embeddable":true,"href":"https:\/\/pristis.ee\/en\/wp-json\/wp\/v2\/users\/1"}],"replies":[{"embeddable":true,"href":"https:\/\/pristis.ee\/en\/wp-json\/wp\/v2\/comments?post=1728"}],"version-history":[{"count":1,"href":"https:\/\/pristis.ee\/en\/wp-json\/wp\/v2\/pages\/1728\/revisions"}],"predecessor-version":[{"id":1729,"href":"https:\/\/pristis.ee\/en\/wp-json\/wp\/v2\/pages\/1728\/revisions\/1729"}],"up":[{"embeddable":true,"href":"https:\/\/pristis.ee\/en\/wp-json\/wp\/v2\/pages\/1723"}],"wp:attachment":[{"href":"https:\/\/pristis.ee\/en\/wp-json\/wp\/v2\/media?parent=1728"}],"curies":[{"name":"wp","href":"https:\/\/api.w.org\/{rel}","templated":true}]}}